{"id":1878,"date":"2025-09-15T14:39:04","date_gmt":"2025-09-15T14:39:04","guid":{"rendered":"https:\/\/oticasmilesvision.com.br\/?post_type=product&#038;p=1878"},"modified":"2025-09-16T12:54:57","modified_gmt":"2025-09-16T12:54:57","slug":"miles-vision-68","status":"publish","type":"product","link":"https:\/\/oticasmilesvision.com.br\/index.php\/produto\/miles-vision-68\/","title":{"rendered":"Miles Vision"},"content":{"rendered":"<p>Certamente os \u00d3culos de Grau s\u00e3o perfeitos para um estilo de vida ativo e moderno.<\/p>\n<p>Por isso, s\u00e3o ideais para usar durante atividades ao ar livre, como caminhadas.<\/p>\n<p>Portanto, perfeitos para usar na cidade, durante viagens ou simplesmente para complementar o seu visual di\u00e1rio.<\/p>\n<p>Ent\u00e3o, com seu design moderno e sofisticado, eles s\u00e3o perfeitos com um estilo casual, elegante ou despojado. Dessa forma, eles s\u00e3o vers\u00e1teis e combinam com qualquer look, seja no trabalho ou no lazer.<\/p>\n<p>Geralmente, esses \u00f3culos ficam bem nos formatos de rosto<\/p>\n<p>Isso porque, esses tipos de rosto t\u00eam linhas ou \u00e2ngulos retos e a arma\u00e7\u00e3o ajuda a suavizar esses tra\u00e7os.<\/p>\n<p>Dessa forma, as arma\u00e7\u00f5es para \u00f3culos de grau tamb\u00e9m s\u00e3o arma\u00e7\u00f5es que se adaptam bem a qualquer tipo de formato de rosto.<\/p>\n<p>Os \u00f3culos de grau s\u00e3o feitos de um material leve e muito resistente que foi desenvolvido com tecnologia avan\u00e7ada.<\/p>\n<p>Com isso, possui as hastes refor\u00e7adas, permitindo ser mais confort\u00e1vel e ter um encaixe perfeito para v\u00e1rios rostos.<\/p>\n<p>Pois bem, o \u00e9 conhecido por sua resist\u00eancia e durabilidade, garantindo que os \u00f3culos durem por muito tempo.<\/p>\n<p>Ali\u00e1s, quer mais op\u00e7\u00f5es? Clique e veja nossa cole\u00e7\u00e3o de \u00f3culos de grau!<\/p>\n<p>Itens inclusos: 1 \u00d3culos, 1 Estojo e 1 Flanela Para Limpeza<\/p>\n<p>Prazo para postagem ap\u00f3s confirma\u00e7\u00e3o de pagamento: De 1 a 3 dias \u00fateis via Correios, podendo ser aumentado em at\u00e9 3 dias \u00fateis, caso sejam inclu\u00eddas lentes de grau. Caso tenha alguma d\u00favida sobre nossas lentes<\/p>\n","protected":false},"excerpt":{"rendered":"<p>Certamente os \u00d3culos de Grau s\u00e3o perfeitos para um estilo de vida ativo e moderno. Por isso, s\u00e3o ideais para usar durante atividades ao ar livre, como caminhadas. Portanto, perfeitos para usar na cidade, durante viagens ou simplesmente para complementar o seu visual di\u00e1rio. Ent\u00e3o, com seu design moderno e sofisticado, eles s\u00e3o perfeitos com [&hellip;]<\/p>\n","protected":false},"featured_media":1998,"template":"","meta":{"_monsterinsights_skip_tracking":false,"_monsterinsights_sitenote_active":false,"_monsterinsights_sitenote_note":"","_monsterinsights_sitenote_category":0,"_joinchat":[]},"product_brand":[],"product_cat":[21],"product_tag":[],"class_list":{"0":"post-1878","1":"product","2":"type-product","3":"status-publish","4":"has-post-thumbnail","6":"product_cat-oculos-de-grau","8":"first","9":"instock","10":"shipping-taxable","11":"purchasable","12":"product-type-simple"},"aioseo_notices":[],"_links":{"self":[{"href":"https:\/\/oticasmilesvision.com.br\/index.php\/wp-json\/wp\/v2\/product\/1878","targetHints":{"allow":["GET"]}}],"collection":[{"href":"https:\/\/oticasmilesvision.com.br\/index.php\/wp-json\/wp\/v2\/product"}],"about":[{"href":"https:\/\/oticasmilesvision.com.br\/index.php\/wp-json\/wp\/v2\/types\/product"}],"wp:featuredmedia":[{"embeddable":true,"href":"https:\/\/oticasmilesvision.com.br\/index.php\/wp-json\/wp\/v2\/media\/1998"}],"wp:attachment":[{"href":"https:\/\/oticasmilesvision.com.br\/index.php\/wp-json\/wp\/v2\/media?parent=1878"}],"wp:term":[{"taxonomy":"product_brand","embeddable":true,"href":"https:\/\/oticasmilesvision.com.br\/index.php\/wp-json\/wp\/v2\/product_brand?post=1878"},{"taxonomy":"product_cat","embeddable":true,"href":"https:\/\/oticasmilesvision.com.br\/index.php\/wp-json\/wp\/v2\/product_cat?post=1878"},{"taxonomy":"product_tag","embeddable":true,"href":"https:\/\/oticasmilesvision.com.br\/index.php\/wp-json\/wp\/v2\/product_tag?post=1878"}],"curies":[{"name":"wp","href":"https:\/\/api.w.org\/{rel}","templated":true}]}}